{"id":652,"date":"2024-07-01T17:46:22","date_gmt":"2024-07-01T17:46:22","guid":{"rendered":"https:\/\/rosadosventosjuquehy.com.br\/?page_id=652"},"modified":"2024-07-05T14:42:00","modified_gmt":"2024-07-05T14:42:00","slug":"orientacoes-para-tutores-de-pets","status":"publish","type":"page","link":"https:\/\/rosadosventosjuquehy.com.br\/index.php\/orientacoes-para-tutores-de-pets\/","title":{"rendered":"Orienta\u00e7\u00f5es Para Tutores de Pets"},"content":{"rendered":"\n<p><strong>POUSADA ROSA DOS VENTOS JUQUEHY<\/strong><\/p>\n\n\n\n<p><strong>ORIENTA\u00c7\u00d5ES PARA TUTORES DE PETS<\/strong><\/p>\n\n\n\n<p>Para uma excelente estadia em nossa pousada, gostar\u00edamos de refor\u00e7ar os pontos principais da Pol\u00edtica para Pets, disponibilizada e aceita durante o processo de reserva.<\/p>\n\n\n\n<ol start=\"1\">\n<li>Os donos s\u00e3o respons\u00e1veis por seu pet e devem zelar pelo bom conv\u00edvio dos mesmos com os demais h\u00f3spedes.<\/li>\n<\/ol>\n\n\n\n<ol start=\"2\">\n<li>Dentro da pousada, os pets devem SEMPRE circular em suas guias sob observa\u00e7\u00e3o, cuidado e controle dos seus donos.<\/li>\n<\/ol>\n\n\n\n<ol start=\"3\">\n<li>Por seguran\u00e7a, a limpeza e manuten\u00e7\u00e3o do apartamento s\u00f3 poder\u00e3o ser feitas sem a presen\u00e7a do pet. Os tutores devem permanecer com eles durante os servi\u00e7os.<\/li>\n<\/ol>\n\n\n\n<ol start=\"4\">\n<li>Compreendemos e toleramos o comportamento natural do pet, por\u00e9m em caso de latidos excessivos que indiquem que o animal n\u00e3o est\u00e1 confort\u00e1vel, os donos ser\u00e3o acionados para acalm\u00e1-lo. \u00c9 necess\u00e1rio o tutor estar ciente que a desarmonia no conv\u00edvio do pet com o meio coletivo, poder\u00e1 gerar o cancelamento da sua estadia.<\/li>\n<\/ol>\n\n\n\n<ol start=\"5\">\n<li>Os donos devem estar cientes e atentos para que seus animais n\u00e3o danifiquem as acomoda\u00e7\u00f5es. Caso isso aconte\u00e7a, uma taxa fixa no valor de R$200 ou outra taxa de acordo com o item danificado.<\/li>\n<\/ol>\n\n\n\n<ol start=\"6\">\n<li>Importante levar seu pet para passear e fazer as necessidades fora da pousada ao menos 3x ao dia. N\u00e3o \u00e9 permitido o uso dos quintais do apartamento ou das \u00e1reas comuns da pousada para este fim. Caso ocorra involuntariamente, por favor, \u00e9 necess\u00e1rio realizar a limpeza de imediato.<\/li>\n<\/ol>\n\n\n\n<ol start=\"7\">\n<li>Dicas: voc\u00ea pode tomar sol com seu pet a beira da piscina, mantendo as guias presas aos ganchos dispon\u00edveis no local, al\u00e9m de refrescar-se no chuveir\u00e3o e curtir a companhia do seu animal nas \u00e1reas espec\u00edficas para eles.<\/li>\n<\/ol>\n\n\n\n<ol start=\"8\">\n<li>Nossa sugest\u00e3o durante o caf\u00e9 da manh\u00e3 \u00e9 aproveitar a companhia do seu pet na \u00e1rea da piscina, onde podem desfrutar ainda mais juntos. Aproveite e leve-o para almo\u00e7ar e jantar nos diversos restaurantes pet friendly de Juquehy.<\/li>\n<\/ol>\n\n\n\n<ol start=\"9\">\n<li>Dentro da pousada, existem duas restri\u00e7\u00f5es. Os pets n\u00e3o podem acessar o buffet do caf\u00e9 da manh\u00e3 e nem entrar na piscina que \u00e9 destinada a humanos, mas podem brincar nas demais \u00e1reas mencionadas anteriormente.<\/li>\n<\/ol>\n\n\n\n<ol start=\"10\">\n<li>Lembre-se que no \u00e2mbito municipal, a lei 848\/1992 pro\u00edbe que animais frequentem as praias. Por esta raz\u00e3o, a pousada disp\u00f5e de apartamentos espa\u00e7osos, com \u00e1reas externas sombreadas dedicadas aos pets, para que fiquem confort\u00e1veis enquanto seus donos possam aproveitar o sol e o mar.<\/li>\n<\/ol>\n\n\n\n<p>As demais cl\u00e1usulas da nossa pol\u00edtica n\u00e3o mencionadas neste resumo, permanecem v\u00e1lidas. Acesse em <a href=\"http:\/\/www.rosadosventosjuquehy.com.br\">www.rosadosventosjuquehy.com.br<\/a> para mais informa\u00e7\u00f5es e em caso de d\u00favidas, por favor, n\u00e3o hesite em nos consultar.<\/p>\n","protected":false},"excerpt":{"rendered":"<p>POUSADA ROSA DOS VENTOS JUQUEHY ORIENTA\u00c7\u00d5ES PARA TUTORES DE PETS Para uma excelente estadia em nossa pousada, gostar\u00edamos de refor\u00e7ar os pontos principais da Pol\u00edtica para Pets, disponibilizada e aceita durante o processo de reserva. As demais cl\u00e1usulas da nossa<\/p>\n","protected":false},"author":1,"featured_media":0,"parent":0,"menu_order":0,"comment_status":"closed","ping_status":"closed","template":"","meta":{"footnotes":""},"_links":{"self":[{"href":"https:\/\/rosadosventosjuquehy.com.br\/index.php\/wp-json\/wp\/v2\/pages\/652"}],"collection":[{"href":"https:\/\/rosadosventosjuquehy.com.br\/index.php\/wp-json\/wp\/v2\/pages"}],"about":[{"href":"https:\/\/rosadosventosjuquehy.com.br\/index.php\/wp-json\/wp\/v2\/types\/page"}],"author":[{"embeddable":true,"href":"https:\/\/rosadosventosjuquehy.com.br\/index.php\/wp-json\/wp\/v2\/users\/1"}],"replies":[{"embeddable":true,"href":"https:\/\/rosadosventosjuquehy.com.br\/index.php\/wp-json\/wp\/v2\/comments?post=652"}],"version-history":[{"count":4,"href":"https:\/\/rosadosventosjuquehy.com.br\/index.php\/wp-json\/wp\/v2\/pages\/652\/revisions"}],"predecessor-version":[{"id":659,"href":"https:\/\/rosadosventosjuquehy.com.br\/index.php\/wp-json\/wp\/v2\/pages\/652\/revisions\/659"}],"wp:attachment":[{"href":"https:\/\/rosadosventosjuquehy.com.br\/index.php\/wp-json\/wp\/v2\/media?parent=652"}],"curies":[{"name":"wp","href":"https:\/\/api.w.org\/{rel}","templated":true}]}}