{"id":650,"date":"2024-07-01T17:36:52","date_gmt":"2024-07-01T17:36:52","guid":{"rendered":"https:\/\/rosadosventosjuquehy.com.br\/?page_id=650"},"modified":"2026-02-25T18:17:14","modified_gmt":"2026-02-25T18:17:14","slug":"orientacoes-para-uma-excelente-estadia","status":"publish","type":"page","link":"https:\/\/rosadosventosjuquehy.com.br\/index.php\/orientacoes-para-uma-excelente-estadia\/","title":{"rendered":"Orienta\u00e7\u00f5es Para uma Excelente Estadia"},"content":{"rendered":"\n<p>Estamos felizes em receb\u00ea-los em nosso lar e empenhados em propiciar uma estadia agrad\u00e1vel e prazerosa para voc\u00ea e sua fam\u00edlia! Por isso,esperamos oferecer a estrutura e o acolhimento necess\u00e1rios para que voc\u00eas possam desfrutar estes dias especiais em nossa pousada.<\/p>\n\n\n\n<ol start=\"1\">\n<li>Utilize as chaves recebidas para acesso \u00e0 pousada\/recep\u00e7\u00e3o e ao seu apartamento. N\u00e3o saia sem elas, pois elas garantem seu acesso \u00e0 nossa propriedade nos per\u00edodos em que os recepcionistas estiverem ausentes.<\/li>\n<\/ol>\n\n\n\n<ol start=\"2\">\n<li>O caf\u00e9 da manh\u00e3 \u00e9 servido a partir das 8h e se encerra \u00e0s 10h30. Procure chegar at\u00e9 \u00e0s 10h para dar tempo de usufruir com tranquilidade das del\u00edcias que oferecemos.<\/li>\n<\/ol>\n\n\n\n<ol start=\"3\">\n<li>A limpeza do apartamento ocorre diariamente das 12h \u00e0s 15h. Caso n\u00e3o deseje o servi\u00e7o, basta pendurar a placa orientativa (&#8220;n\u00e3o perturbe&#8221; ou &#8220;limpeza por favor&#8221;) do lado de fora da porta de entrada, indicando seu desejo, para que saibamos como proceder.<\/li>\n<\/ol>\n\n\n\n<ol start=\"4\">\n<li>O servi\u00e7o de praia \u00e9 disponibilizado na entrada 5 da praia de Juquehy, onde ser\u00e1 montado 1 guarda sol por apartamento duplo, e 2 guarda sois para aptos triplos e quadruplos, al\u00e9m de 1 cadeira para cada h\u00f3spede cadastrado na reserva. O uso do servi\u00e7o por pessoas n\u00e3o hospedadas na pousada, n\u00e3o \u00e9 permitido.<\/li>\n<\/ol>\n\n\n\n<ol start=\"5\">\n<li>O servi\u00e7o acima \u00e9 disponibilizado das 9h \u00e0s 17h, em dias sem chuva e de mar calmo. Se por for\u00e7a de intemp\u00e9ries ou mar agitado, os objetos tiverem que ser removidos ao longo do dia, n\u00e3o voltar\u00e3o a ser disponibilizados, mesmo que as condi\u00e7\u00f5es do tempo melhorem. Neste caso, se o h\u00f3spede preferir, poder\u00e1 solicitar o material de praia na recep\u00e7\u00e3o, para que possa utiliz\u00e1-lo por conta pr\u00f3pria. Com isso, fica impl\u00edcita a responsabilidade de devolv\u00ea-lo no local de retirada.<\/li>\n<\/ol>\n\n\n\n<ol start=\"6\">\n<li>O uso da piscina e a perman\u00eancia nesta \u00e1rea \u00e9 permitida das 9h \u00e0s 21h. Das 22h \u00e0s 09h, solicitamos aderir ao hor\u00e1rio do sil\u00eancio.<\/li>\n<\/ol>\n\n\n\n<ol start=\"7\">\n<li>O check out pode ser feito das 8h \u00e0s 12h. Late check outs podem ser solicitados com anteced\u00eancia mediante disponibilidade do apartamento e aplica\u00e7\u00e3o de taxa adicional de acordo com o per\u00edodo de perman\u00eancia.<\/li>\n<\/ol>\n\n\n\n<ol start=\"8\">\n<li>O hor\u00e1rio de atendimento na recep\u00e7\u00e3o \u00e9 das 8h \u00e0s 0h (exceto durante as pausas para refei\u00e7\u00e3o dos funcion\u00e1rios). Das 00h \u00e0s 8h, h\u00e1 vigil\u00e2ncia noturna presencial de quarta a s\u00e1bado; e portaria remota sem atendimento, de domingo a quarta.<\/li>\n<\/ol>\n\n\n\n<p style=\"font-style:normal;font-weight:700\">Sua opini\u00e3o \u00e9 muito valiosa para aprimorar nossos servi\u00e7os. Pedimos gentilmente que registre-as no QR Code que est\u00e1 fixado ao lado da porta do apartamento. Entretanto, se existe algum desconforto moment\u00e2neo em sua estadia, pedimos que fale direto com o recepcionista pelo whatsapp (11) 96484.4373, para que possamos solucionar o que for necess\u00e1rio o quanto antes, ainda durante a sua estadia.&nbsp;<\/p>\n\n\n\n<p style=\"font-style:normal;font-weight:700\">Quer falar diretamente com o gerente? Por favor, envie uma mensagem para whatsapp (12) 99666.1753, diariamente, das 8h \u00e0s 22h que teremos o prazer em atend\u00ea-lo.<\/p>\n","protected":false},"excerpt":{"rendered":"<p>Estamos felizes em receb\u00ea-los em nosso lar e empenhados em propiciar uma estadia agrad\u00e1vel e prazerosa para voc\u00ea e sua fam\u00edlia! Por isso,esperamos oferecer a estrutura e o acolhimento necess\u00e1rios para que voc\u00eas possam desfrutar estes dias especiais em nossa<\/p>\n","protected":false},"author":1,"featured_media":0,"parent":0,"menu_order":0,"comment_status":"closed","ping_status":"closed","template":"","meta":{"footnotes":""},"_links":{"self":[{"href":"https:\/\/rosadosventosjuquehy.com.br\/index.php\/wp-json\/wp\/v2\/pages\/650"}],"collection":[{"href":"https:\/\/rosadosventosjuquehy.com.br\/index.php\/wp-json\/wp\/v2\/pages"}],"about":[{"href":"https:\/\/rosadosventosjuquehy.com.br\/index.php\/wp-json\/wp\/v2\/types\/page"}],"author":[{"embeddable":true,"href":"https:\/\/rosadosventosjuquehy.com.br\/index.php\/wp-json\/wp\/v2\/users\/1"}],"replies":[{"embeddable":true,"href":"https:\/\/rosadosventosjuquehy.com.br\/index.php\/wp-json\/wp\/v2\/comments?post=650"}],"version-history":[{"count":5,"href":"https:\/\/rosadosventosjuquehy.com.br\/index.php\/wp-json\/wp\/v2\/pages\/650\/revisions"}],"predecessor-version":[{"id":837,"href":"https:\/\/rosadosventosjuquehy.com.br\/index.php\/wp-json\/wp\/v2\/pages\/650\/revisions\/837"}],"wp:attachment":[{"href":"https:\/\/rosadosventosjuquehy.com.br\/index.php\/wp-json\/wp\/v2\/media?parent=650"}],"curies":[{"name":"wp","href":"https:\/\/api.w.org\/{rel}","templated":true}]}}