{"id":18,"date":"2015-08-09T01:58:13","date_gmt":"2015-08-09T01:58:13","guid":{"rendered":"http:\/\/rosadosventosjuquehy.com.br\/?page_id=18"},"modified":"2024-09-08T13:17:50","modified_gmt":"2024-09-08T13:17:50","slug":"apartamentos","status":"publish","type":"page","link":"https:\/\/rosadosventosjuquehy.com.br\/index.php\/apartamentos\/","title":{"rendered":"Apartamentos"},"content":{"rendered":"\t\t<div data-elementor-type=\"wp-page\" data-elementor-id=\"18\" class=\"elementor elementor-18\">\n\t\t\t\t<div class=\"elementor-element elementor-element-a91219f e-flex e-con-boxed e-con e-parent\" data-id=\"a91219f\" data-element_type=\"container\">\n\t\t\t\t\t<div class=\"e-con-inner\">\n\t\t\t\t<div class=\"elementor-element elementor-element-4dd9e5e elementor-widget elementor-widget-text-editor\" data-id=\"4dd9e5e\" data-element_type=\"widget\" data-widget_type=\"text-editor.default\">\n\t\t\t\t<div class=\"elementor-widget-container\">\n\t\t\t<style>\/*! elementor - v3.23.0 - 05-08-2024 *\/\n.elementor-widget-text-editor.elementor-drop-cap-view-stacked .elementor-drop-cap{background-color:#69727d;color:#fff}.elementor-widget-text-editor.elementor-drop-cap-view-framed .elementor-drop-cap{color:#69727d;border:3px solid;background-color:transparent}.elementor-widget-text-editor:not(.elementor-drop-cap-view-default) .elementor-drop-cap{margin-top:8px}.elementor-widget-text-editor:not(.elementor-drop-cap-view-default) .elementor-drop-cap-letter{width:1em;height:1em}.elementor-widget-text-editor .elementor-drop-cap{float:left;text-align:center;line-height:1;font-size:50px}.elementor-widget-text-editor .elementor-drop-cap-letter{display:inline-block}<\/style>\t\t\t\t<p>Amplos e arejados, nossos apartamentos estilo flat americano proporcionam uma estadia prazerosa e com muito conforto.\u00a0Al\u00e9m de su\u00edtes com cama de casal tamanho standard, todos possuem mini cozinha e banheiro privativo que torna a estadia bastante funcional.<\/p>\n<p>Os apartamentos ainda contam com outros confortos como ar condicionado, TV a cabo, wi-fi gratuito, roupa de cama e banho. E um delicioso caf\u00e9 da manh\u00e3!<\/p>\n<p>Nossos apartamentos s\u00e3o divididos entre Duplos, Triplos e Qu\u00e1druplos.<\/p>\n<p>\u00a0<\/p>\n<p><em><b><img decoding=\"async\" class=\"alignleft wp-image-147\" src=\"https:\/\/rosadosventosjuquehy.com.br\/wp-content\/uploads\/2015\/08\/icon29.png\" alt=\"icon29\" width=\"80\" height=\"80\" \/>Apartamento Duplo T\u00e9rreo: <\/b><\/em><\/p>\n<p><b><\/b>Su\u00edte compacta, de 28m\u00b2 com uma cama de casal, mini cozinha e banheiro privativo. Localiza-se no andar t\u00e9rreo. N\u00e3o possui varanda, mas tem acesso para um jardim. N\u00e3o possui vista. Acomoda at\u00e9 1 casal. Ideal para idosos e casais. N\u00e3o acomoda pets.\u00a0<br \/>(Apto 11)<\/p>\t\t\t\t\t\t<\/div>\n\t\t\t\t<\/div>\n\t\t\t\t\t<\/div>\n\t\t\t\t<\/div>\n\t\t<div class=\"elementor-element elementor-element-0f42414 e-flex e-con-boxed e-con e-parent\" data-id=\"0f42414\" data-element_type=\"container\">\n\t\t\t\t\t<div class=\"e-con-inner\">\n\t\t\t\t<div class=\"elementor-element elementor-element-7e39193 elementor-widget elementor-widget-shortcode\" data-id=\"7e39193\" data-element_type=\"widget\" data-widget_type=\"shortcode.default\">\n\t\t\t\t<div class=\"elementor-widget-container\">\n\t\t\t\t\t<div class=\"elementor-shortcode\"><\/div>\n\t\t\t\t<\/div>\n\t\t\t\t<\/div>\n\t\t\t\t\t<\/div>\n\t\t\t\t<\/div>\n\t\t<div class=\"elementor-element elementor-element-3140e01 e-flex e-con-boxed e-con e-parent\" data-id=\"3140e01\" data-element_type=\"container\">\n\t\t\t\t\t<div class=\"e-con-inner\">\n\t\t\t\t<div class=\"elementor-element elementor-element-7c5eee4 elementor-widget elementor-widget-text-editor\" data-id=\"7c5eee4\" data-element_type=\"widget\" data-widget_type=\"text-editor.default\">\n\t\t\t\t<div class=\"elementor-widget-container\">\n\t\t\t\t\t\t\t  \n<p><b><i>Apartamento Duplo Superior: <\/i><\/b>Apartamento Duplo Superior: Su\u00edte compacta, de 28m\u00b2 com cama de casal, mini cozinha e banheiro privativo. Localiza-se no andar superior com acesso por escada. N\u00e3o possui varanda ou quintal, mas possui vista para a piscina. Acomoda at\u00e9 1 casal. N\u00e3o acomoda crian\u00e7as abaixo de 7 anos, idosos e pets.\u00a0\u00a0<br \/><br \/>(Aptos 13 e 14)<br \/><br \/><\/p>\t\t\t\t\t\t<\/div>\n\t\t\t\t<\/div>\n\t\t\t\t\t<\/div>\n\t\t\t\t<\/div>\n\t\t<div class=\"elementor-element elementor-element-132992d e-flex e-con-boxed e-con e-parent\" data-id=\"132992d\" data-element_type=\"container\">\n\t\t\t\t\t<div class=\"e-con-inner\">\n\t\t\t\t<div class=\"elementor-element elementor-element-5da9dca elementor-widget elementor-widget-shortcode\" data-id=\"5da9dca\" data-element_type=\"widget\" data-widget_type=\"shortcode.default\">\n\t\t\t\t<div class=\"elementor-widget-container\">\n\t\t\t\t\t<div class=\"elementor-shortcode\"><\/div>\n\t\t\t\t<\/div>\n\t\t\t\t<\/div>\n\t\t\t\t\t<\/div>\n\t\t\t\t<\/div>\n\t\t<div class=\"elementor-element elementor-element-2c3414a e-flex e-con-boxed e-con e-parent\" data-id=\"2c3414a\" data-element_type=\"container\">\n\t\t\t\t\t<div class=\"e-con-inner\">\n\t\t\t\t<div class=\"elementor-element elementor-element-7e15d61 elementor-widget elementor-widget-text-editor\" data-id=\"7e15d61\" data-element_type=\"widget\" data-widget_type=\"text-editor.default\">\n\t\t\t\t<div class=\"elementor-widget-container\">\n\t\t\t\t\t\t\t<p><b>Apartamento Triplo T\u00e9rreo: <\/b>Apartamento Triplo T\u00e9rreo:\u00a0Su\u00edte espa\u00e7osa, de 48m\u00b2, com cama 1 de casal e 1 de solteiro &#8211; adicionalmente equipada com uma mini cama articulada, para crian\u00e7as de at\u00e9 5 anos. Possui su\u00edte, sala conjugada e mini quintal com \u00e1rea sombreada, ideal para os pets. Localiza-se no andar t\u00e9rreo. Alguns possuem vista para a piscina, outros ficam reservados. Acomoda at\u00e9 1 casal e 1 solteiro. Ideal para idosos, crian\u00e7as e cachorros.\u00a0<br \/>(Aptos 2, 3, 4)<\/p>\t\t\t\t\t\t<\/div>\n\t\t\t\t<\/div>\n\t\t\t\t\t<\/div>\n\t\t\t\t<\/div>\n\t\t<div class=\"elementor-element elementor-element-ae5807a e-flex e-con-boxed e-con e-parent\" data-id=\"ae5807a\" data-element_type=\"container\">\n\t\t\t\t\t<div class=\"e-con-inner\">\n\t\t\t\t<div class=\"elementor-element elementor-element-770707a elementor-widget elementor-widget-shortcode\" data-id=\"770707a\" data-element_type=\"widget\" data-widget_type=\"shortcode.default\">\n\t\t\t\t<div class=\"elementor-widget-container\">\n\t\t\t\t\t<div class=\"elementor-shortcode\"><\/div>\n\t\t\t\t<\/div>\n\t\t\t\t<\/div>\n\t\t\t\t\t<\/div>\n\t\t\t\t<\/div>\n\t\t<div class=\"elementor-element elementor-element-d227cb7 e-flex e-con-boxed e-con e-parent\" data-id=\"d227cb7\" data-element_type=\"container\">\n\t\t\t\t\t<div class=\"e-con-inner\">\n\t\t\t\t<div class=\"elementor-element elementor-element-1fd1df9 elementor-widget elementor-widget-text-editor\" data-id=\"1fd1df9\" data-element_type=\"widget\" data-widget_type=\"text-editor.default\">\n\t\t\t\t<div class=\"elementor-widget-container\">\n\t\t\t\t\t\t\t<p><em><strong><img decoding=\"async\" class=\"alignleft wp-image-145\" src=\"https:\/\/rosadosventosjuquehy.com.br\/wp-content\/uploads\/2015\/08\/icon27.png\" alt=\"icon27\" width=\"80\" height=\"80\" \/><\/strong><\/em><\/p> <p><b>Apartamento Triplo Superior: <\/b>Su\u00edte espa\u00e7osa, de 48m\u00b2, com cama 1 de casal e 1 de solteiro. Possui su\u00edte, sala conjugada e varanda. Localiza-se no andar superior, com acesso por escada. Alguns possuem vista para a piscina e para as montanhas de Juquehy, outros ficam reservados. Acomoda at\u00e9 1 casal e 1 solteiro. Ideal para adultos. N\u00e3o acomoda idosos e crian\u00e7as abaixo de 7 anos. Acomoda bem gatos e p\u00e1ssaros.\u00a0<br \/>(Aptos 7, 8, 9)<\/p>\t\t\t\t\t\t<\/div>\n\t\t\t\t<\/div>\n\t\t\t\t\t<\/div>\n\t\t\t\t<\/div>\n\t\t<div class=\"elementor-element elementor-element-a2299d7 e-flex e-con-boxed e-con e-parent\" data-id=\"a2299d7\" data-element_type=\"container\">\n\t\t\t\t\t<div class=\"e-con-inner\">\n\t\t\t\t<div class=\"elementor-element elementor-element-7290669 elementor-widget elementor-widget-shortcode\" data-id=\"7290669\" data-element_type=\"widget\" data-widget_type=\"shortcode.default\">\n\t\t\t\t<div class=\"elementor-widget-container\">\n\t\t\t\t\t<div class=\"elementor-shortcode\"><\/div>\n\t\t\t\t<\/div>\n\t\t\t\t<\/div>\n\t\t\t\t\t<\/div>\n\t\t\t\t<\/div>\n\t\t<div class=\"elementor-element elementor-element-f4d4cb6 e-flex e-con-boxed e-con e-parent\" data-id=\"f4d4cb6\" data-element_type=\"container\">\n\t\t\t\t\t<div class=\"e-con-inner\">\n\t\t\t\t<div class=\"elementor-element elementor-element-84bd97b elementor-widget elementor-widget-text-editor\" data-id=\"84bd97b\" data-element_type=\"widget\" data-widget_type=\"text-editor.default\">\n\t\t\t\t<div class=\"elementor-widget-container\">\n\t\t\t\t\t\t\t<p><em><b>Apartamento Quadruplo T\u00e9rreo: <\/b><\/em>Su\u00edte espa\u00e7osa, de 48m\u00b2, com cama 1 de casal e 2 de solteiro &#8211; adicionalmente equipada com uma mini cama articulada, para crian\u00e7as de at\u00e9 5 anos. Possui su\u00edte, sala conjugada e mini quintal com \u00e1rea sombreada, ideal para os pets. Localiza-se no andar t\u00e9rreo. Alguns possuem vista para a piscina, outros ficam reservados. Acomoda at\u00e9 1 casal e 2 solteiros. Ideal para idosos, crian\u00e7as e cachorros.\u00a0<br \/>(Aptos 1, 5)<\/p>\t\t\t\t\t\t<\/div>\n\t\t\t\t<\/div>\n\t\t\t\t\t<\/div>\n\t\t\t\t<\/div>\n\t\t<div class=\"elementor-element elementor-element-d3d9f8a e-flex e-con-boxed e-con e-parent\" data-id=\"d3d9f8a\" data-element_type=\"container\">\n\t\t\t\t\t<div class=\"e-con-inner\">\n\t\t\t\t<div class=\"elementor-element elementor-element-ce63d81 elementor-widget elementor-widget-shortcode\" data-id=\"ce63d81\" data-element_type=\"widget\" data-widget_type=\"shortcode.default\">\n\t\t\t\t<div class=\"elementor-widget-container\">\n\t\t\t\t\t<div class=\"elementor-shortcode\"><\/div>\n\t\t\t\t<\/div>\n\t\t\t\t<\/div>\n\t\t\t\t\t<\/div>\n\t\t\t\t<\/div>\n\t\t<div class=\"elementor-element elementor-element-97bca8b e-flex e-con-boxed e-con e-parent\" data-id=\"97bca8b\" data-element_type=\"container\">\n\t\t\t\t\t<div class=\"e-con-inner\">\n\t\t\t\t<div class=\"elementor-element elementor-element-cb5caff elementor-widget elementor-widget-text-editor\" data-id=\"cb5caff\" data-element_type=\"widget\" data-widget_type=\"text-editor.default\">\n\t\t\t\t<div class=\"elementor-widget-container\">\n\t\t\t\t\t\t\t<p><b>Apartamento Quadruplo Superior: <\/b>Apartamento Quadruplo Superior:\u00a0Su\u00edte espa\u00e7osa, de 48m\u00b2, com cama 1 de casal e 2 de solteiro. Possui su\u00edte, sala conjugada e varanda. Localiza-se no andar superior, com acesso por escada. Alguns possuem vista para a piscina e para as montanhas de Juquehy, outros ficam reservados. Acomoda at\u00e9 1 casal e 2 solteiro. Ideal para adultos. N\u00e3o acomoda idosos e crian\u00e7as abaixo de 7 anos. Acomoda bem gatos e p\u00e1ssaros.\u00a0<br \/>(Aptos 6, 10)<\/p>\t\t\t\t\t\t<\/div>\n\t\t\t\t<\/div>\n\t\t\t\t\t<\/div>\n\t\t\t\t<\/div>\n\t\t<div class=\"elementor-element elementor-element-0f52918 e-flex e-con-boxed e-con e-parent\" data-id=\"0f52918\" data-element_type=\"container\">\n\t\t\t\t\t<div class=\"e-con-inner\">\n\t\t\t\t<div class=\"elementor-element elementor-element-e51425c elementor-widget elementor-widget-shortcode\" data-id=\"e51425c\" data-element_type=\"widget\" data-widget_type=\"shortcode.default\">\n\t\t\t\t<div class=\"elementor-widget-container\">\n\t\t\t\t\t<div class=\"elementor-shortcode\"><\/div>\n\t\t\t\t<\/div>\n\t\t\t\t<\/div>\n\t\t\t\t\t<\/div>\n\t\t\t\t<\/div>\n\t\t<div class=\"elementor-element elementor-element-3105334 e-flex e-con-boxed e-con e-parent\" data-id=\"3105334\" data-element_type=\"container\">\n\t\t\t\t\t<div class=\"e-con-inner\">\n\t\t\t\t<div class=\"elementor-element elementor-element-0e0aec4 elementor-widget elementor-widget-text-editor\" data-id=\"0e0aec4\" data-element_type=\"widget\" data-widget_type=\"text-editor.default\">\n\t\t\t\t<div class=\"elementor-widget-container\">\n\t\t\t\t\t\t\t<p><!-- wp:paragraph --><\/p>\n<p>\u00a0<\/p>\n<p><!-- \/wp:paragraph --><\/p>\t\t\t\t\t\t<\/div>\n\t\t\t\t<\/div>\n\t\t\t\t\t<\/div>\n\t\t\t\t<\/div>\n\t\t\t\t<\/div>\n\t\t","protected":false},"excerpt":{"rendered":"<p>Nossos apartamentos amplos e arejados proporcionam uma estadia prazerosa e com muito conforto.<\/p>\n","protected":false},"author":1,"featured_media":114,"parent":0,"menu_order":2,"comment_status":"closed","ping_status":"closed","template":"page-templates\/contact.php","meta":{"footnotes":""},"_links":{"self":[{"href":"https:\/\/rosadosventosjuquehy.com.br\/index.php\/wp-json\/wp\/v2\/pages\/18"}],"collection":[{"href":"https:\/\/rosadosventosjuquehy.com.br\/index.php\/wp-json\/wp\/v2\/pages"}],"about":[{"href":"https:\/\/rosadosventosjuquehy.com.br\/index.php\/wp-json\/wp\/v2\/types\/page"}],"author":[{"embeddable":true,"href":"https:\/\/rosadosventosjuquehy.com.br\/index.php\/wp-json\/wp\/v2\/users\/1"}],"replies":[{"embeddable":true,"href":"https:\/\/rosadosventosjuquehy.com.br\/index.php\/wp-json\/wp\/v2\/comments?post=18"}],"version-history":[{"count":107,"href":"https:\/\/rosadosventosjuquehy.com.br\/index.php\/wp-json\/wp\/v2\/pages\/18\/revisions"}],"predecessor-version":[{"id":835,"href":"https:\/\/rosadosventosjuquehy.com.br\/index.php\/wp-json\/wp\/v2\/pages\/18\/revisions\/835"}],"wp:featuredmedia":[{"embeddable":true,"href":"https:\/\/rosadosventosjuquehy.com.br\/index.php\/wp-json\/wp\/v2\/media\/114"}],"wp:attachment":[{"href":"https:\/\/rosadosventosjuquehy.com.br\/index.php\/wp-json\/wp\/v2\/media?parent=18"}],"curies":[{"name":"wp","href":"https:\/\/api.w.org\/{rel}","templated":true}]}}