{"id":16,"date":"2015-08-09T01:57:59","date_gmt":"2015-08-09T01:57:59","guid":{"rendered":"http:\/\/rosadosventosjuquehy.com.br\/?page_id=16"},"modified":"2019-11-02T23:32:05","modified_gmt":"2019-11-02T23:32:05","slug":"localizacao","status":"publish","type":"page","link":"https:\/\/rosadosventosjuquehy.com.br\/index.php\/localizacao\/","title":{"rendered":"Localiza\u00e7\u00e3o"},"content":{"rendered":"<p><img decoding=\"async\" class=\" wp-image-120 alignleft\" src=\"https:\/\/rosadosventosjuquehy.com.br\/wp-content\/uploads\/2015\/08\/icon5.png\" alt=\"icon5\" width=\"55\" height=\"55\" \/><\/p>\n<p>A praia de Juquehy, localizada em S\u00e3o Sebasti\u00e3o, litoral norte do Estado de S\u00e3o Paulo, oferece uma das melhores infraestruturas da regi\u00e3o.<\/p>\n<p>A 160 km de S\u00e3o Paulo (cerca de 2 horas) e de f\u00e1cil acesso por diversos caminhos, conta com uma diversa rede gastron\u00f4mica, lojas, 2 shoppings e feirinhas de artesanato locais.<\/p>\n<p><a href=\"https:\/\/rosadosventosjuquehy.com.br\/wp-content\/uploads\/2015\/08\/icon6.png\"><img decoding=\"async\" class=\" wp-image-123 alignleft\" src=\"https:\/\/rosadosventosjuquehy.com.br\/wp-content\/uploads\/2015\/08\/icon6.png\" alt=\"icon6\" width=\"55\" height=\"55\" \/><\/a>S\u00e3o tr\u00eas quil\u00f4metros de areias brancas e finas, com ondas para todos os gostos: mais agitadas no lado direito e mais calmas no lado esquerdo. \u00c9 uma praia muito limpa e agrad\u00e1vel, que j\u00e1 conquistou o t\u00edtulo de uma das mais lindas da regi\u00e3o. Curtiu nossa localiza\u00e7\u00e3o?!<\/p>\n<p>Durante o dia os programas s\u00e3o os mais variados: passeios em praias pr\u00f3ximas, como a Barra do Sahy e Camburi, ou passeios n\u00e1uticos at\u00e9 as ilhas.<\/p>\n<p><iframe style=\"border: 0;\" src=\"https:\/\/www.google.com\/maps\/embed?pb=!1m18!1m12!1m3!1d3651.5324131098646!2d-45.730055499999985!3d-23.764048100000007!2m3!1f0!2f0!3f0!3m2!1i1024!2i768!4f13.1!3m3!1m2!1s0x94cd87b4366ba02b%3A0x62bd62c3edf88849!2sR.+Maria+Madelena+Faustino%2C+402+-+Praia+de+Juque%C3%AD%2C+S%C3%A3o+Sebasti%C3%A3o+-+SP%2C+11600-000!5e0!3m2!1spt-BR!2sbr!4v1439096965086\" width=\"600\" height=\"450\" frameborder=\"0\" allowfullscreen=\"allowfullscreen\"><\/iframe><\/p>\n","protected":false},"excerpt":{"rendered":"<p>A 160 km de S\u00e3o Paulo (cerca de 2 horas) e de f\u00e1cil acesso por diversos caminhos, conta com uma diversa rede gastron\u00f4mica, lojas, 2 shoppings e feirinhas de artesanato locais. <\/p>\n","protected":false},"author":1,"featured_media":116,"parent":0,"menu_order":5,"comment_status":"closed","ping_status":"closed","template":"page-templates\/contact.php","meta":{"footnotes":""},"_links":{"self":[{"href":"https:\/\/rosadosventosjuquehy.com.br\/index.php\/wp-json\/wp\/v2\/pages\/16"}],"collection":[{"href":"https:\/\/rosadosventosjuquehy.com.br\/index.php\/wp-json\/wp\/v2\/pages"}],"about":[{"href":"https:\/\/rosadosventosjuquehy.com.br\/index.php\/wp-json\/wp\/v2\/types\/page"}],"author":[{"embeddable":true,"href":"https:\/\/rosadosventosjuquehy.com.br\/index.php\/wp-json\/wp\/v2\/users\/1"}],"replies":[{"embeddable":true,"href":"https:\/\/rosadosventosjuquehy.com.br\/index.php\/wp-json\/wp\/v2\/comments?post=16"}],"version-history":[{"count":15,"href":"https:\/\/rosadosventosjuquehy.com.br\/index.php\/wp-json\/wp\/v2\/pages\/16\/revisions"}],"predecessor-version":[{"id":416,"href":"https:\/\/rosadosventosjuquehy.com.br\/index.php\/wp-json\/wp\/v2\/pages\/16\/revisions\/416"}],"wp:featuredmedia":[{"embeddable":true,"href":"https:\/\/rosadosventosjuquehy.com.br\/index.php\/wp-json\/wp\/v2\/media\/116"}],"wp:attachment":[{"href":"https:\/\/rosadosventosjuquehy.com.br\/index.php\/wp-json\/wp\/v2\/media?parent=16"}],"curies":[{"name":"wp","href":"https:\/\/api.w.org\/{rel}","templated":true}]}}