{"id":12,"date":"2015-08-09T01:57:31","date_gmt":"2015-08-09T01:57:31","guid":{"rendered":"http:\/\/rosadosventosjuquehy.com.br\/?page_id=12"},"modified":"2024-05-03T13:53:16","modified_gmt":"2024-05-03T13:53:16","slug":"home","status":"publish","type":"page","link":"https:\/\/rosadosventosjuquehy.com.br\/","title":{"rendered":"Home"},"content":{"rendered":"<p>Pousada Juquehy<\/p>\n<p>A pousada Rosa dos Ventos Juquehy localiza-se em uma das praias mais belas do litoral norte de S\u00e3o Paulo.<\/p>\n<p>Somos uma&nbsp;pousada diferenciada, possuindo ambientes amplos, charmosos e aconchegantes. Nossos apartamentos estilo est\u00fadio s\u00e3o espa\u00e7osos e privativos e nossa piscina \u00e9 perfeita para tornar sua estadia o mais agrad\u00e1vel e relaxante.<\/p>\n<p>Nosso atendimento atencioso e personalizado visa fazer com que nossos h\u00f3spedes sintam-se sempre bem vindos.<\/p>\n<p>Contamos com servi\u00e7o de arruma\u00e7\u00e3o dos quartos, caf\u00e9 da manh\u00e3, wifi, estacionamento, servi\u00e7o de praia, piscina e entrada exclusiva com ducha.<\/p>\n<p><em><strong>Entre e fique a vontade!<\/strong><\/em><\/p>\n<p><a href=\"https:\/\/rosadosventosjuquehy.com.br\/\">Pousada Rosa dos Ventos &#8211; Juquehy<\/a><\/p>\n<p><img decoding=\"async\" class=\"alignnone size-full wp-image-105\" src=\"https:\/\/rosadosventosjuquehy.com.br\/wp-content\/uploads\/2015\/08\/Logo_transp.png\" alt=\"Pousada Rosa dos Ventos - Juquehy\" width=\"371\" height=\"109\" srcset=\"https:\/\/rosadosventosjuquehy.com.br\/wp-content\/uploads\/2015\/08\/Logo_transp.png 371w, https:\/\/rosadosventosjuquehy.com.br\/wp-content\/uploads\/2015\/08\/Logo_transp-300x88.png 300w\" sizes=\"(max-width: 371px) 100vw, 371px\" \/><\/p>\n","protected":false},"excerpt":{"rendered":"<p>Pousada Rosa dos Ventos &#8211; Juquehy, Excelente Pousada na Praia de Juquehy &#8211; Litoral norte, S\u00e3o Paulo SP<\/p>\n","protected":false},"author":1,"featured_media":0,"parent":0,"menu_order":0,"comment_status":"closed","ping_status":"closed","template":"page-templates\/business.php","meta":{"footnotes":""},"_links":{"self":[{"href":"https:\/\/rosadosventosjuquehy.com.br\/index.php\/wp-json\/wp\/v2\/pages\/12"}],"collection":[{"href":"https:\/\/rosadosventosjuquehy.com.br\/index.php\/wp-json\/wp\/v2\/pages"}],"about":[{"href":"https:\/\/rosadosventosjuquehy.com.br\/index.php\/wp-json\/wp\/v2\/types\/page"}],"author":[{"embeddable":true,"href":"https:\/\/rosadosventosjuquehy.com.br\/index.php\/wp-json\/wp\/v2\/users\/1"}],"replies":[{"embeddable":true,"href":"https:\/\/rosadosventosjuquehy.com.br\/index.php\/wp-json\/wp\/v2\/comments?post=12"}],"version-history":[{"count":14,"href":"https:\/\/rosadosventosjuquehy.com.br\/index.php\/wp-json\/wp\/v2\/pages\/12\/revisions"}],"predecessor-version":[{"id":439,"href":"https:\/\/rosadosventosjuquehy.com.br\/index.php\/wp-json\/wp\/v2\/pages\/12\/revisions\/439"}],"wp:attachment":[{"href":"https:\/\/rosadosventosjuquehy.com.br\/index.php\/wp-json\/wp\/v2\/media?parent=12"}],"curies":[{"name":"wp","href":"https:\/\/api.w.org\/{rel}","templated":true}]}}